{"id":3697,"date":"2026-03-11T07:49:52","date_gmt":"2026-03-11T06:49:52","guid":{"rendered":"https:\/\/vinogradniki-poljcane.si\/?page_id=3697"},"modified":"2026-03-27T13:16:02","modified_gmt":"2026-03-27T12:16:02","slug":"aktualno","status":"publish","type":"page","link":"https:\/\/vinogradniki-poljcane.si\/?page_id=3697","title":{"rendered":"AKTUALNO"},"content":{"rendered":"\n<p>OCENJEVANJE VIN 2026<\/p>\n\n\n\n<div data-wp-interactive=\"core\/file\" class=\"wp-block-file\"><object data-wp-bind--hidden=\"!state.hasPdfPreview\" hidden class=\"wp-block-file__embed\" data=\"https:\/\/vinogradniki-poljcane.si\/wp-content\/uploads\/2026\/03\/OCENJEVANJE-VIN-2026-4.pdf\" type=\"application\/pdf\" style=\"width:100%;height:390px\" aria-label=\"Vdelava OCENJEVANJE VIN 2026\"><\/object><a id=\"wp-block-file--media-32ef8769-547e-4e15-9bc4-e461df5d8ae4\" href=\"https:\/\/vinogradniki-poljcane.si\/wp-content\/uploads\/2026\/03\/OCENJEVANJE-VIN-2026-4.pdf\">OCENJEVANJE VIN 2026<\/a><a href=\"https:\/\/vinogradniki-poljcane.si\/wp-content\/uploads\/2026\/03\/OCENJEVANJE-VIN-2026-4.pdf\" class=\"wp-block-file__button wp-element-button\" download aria-describedby=\"wp-block-file--media-32ef8769-547e-4e15-9bc4-e461df5d8ae4\">Prenos<\/a><\/div>\n\n\n\n<p><\/p>\n\n\n\n<p><\/p>\n\n\n\n<p><\/p>\n\n\n\n<p><strong>Vinogradni\u0161ko dru\u0161tvo Polj\u010dane \u2013 izobra\u017eevanji za \u010dlane in ne\u010dlane.<\/strong><\/p>\n\n\n\n<p>Vinogradni\u0161ko dru\u0161tvo Polj\u010dane je v preteklem tednu organiziralo kar dve izobra\u017eevanji. To je \u010das, ko narava \u0161e miruje, vinogradniki pa imamo nekoliko ve\u010d \u010dasa za izobra\u017eevanje in izmenjavo izku\u0161enj.<\/p>\n\n\n\n<p>V \u010detrtek, 26. februarja ob 10. uri, je pri \u010dlanu dru\u0161tva Jo\u017eetu Dober\u0161ku (Jernej 1) potekala delavnica rezi sadnega drevja. \u010clane smo na dogodek povabili \u017ee teden dni prej, ko je bila narava \u0161e pokrita s snegom.<\/p>\n\n\n\n<p>Delavnico je vodil Sre\u010dko Rajh, in\u017eenir kmetijstva iz Kmetijsko svetovalne slu\u017ebe Slovenska Bistrica. Predsednik dru\u0161tva Jurij Gaber je na za\u010detku pozdravil navzo\u010de in besedo predal doma\u010dinu Jo\u017eetu Dober\u0161ku, ki je predstavil svoj sadovnjak.<\/p>\n\n\n\n<p>Predavatelj je najprej predstavil orodje za rez in poudaril, kako pomembno je, da je orodje dobro pripravljeno za delo. Nato je sledil prakti\u010dni prikaz rezi sadnega drevja \u2013 tako starih sort kot tudi novej\u0161ih, kot so breskve, hru\u0161ke in druge vrste sadja.<\/p>\n\n\n\n<p>Posebej je poudaril tudi pomen podlage, na katero so sadike cepljene. Veliko ljudi namre\u010d kupi cepljenke na razli\u010dnih sejmih, ne da bi se posvetovali, kam jih bodo posadili. Travni\u0161ke sorte potrebujejo razdaljo okoli 10 metrov in imajo mo\u010dan koreninski sistem, medtem ko so planta\u017ene sorte \u0161ibkej\u0161e in jih sadimo na pribli\u017eno en meter razdalje.<\/p>\n\n\n\n<p>Imeli smo \u010dudovito vreme, zanimanje \u010dlanov pa je bilo zelo veliko. Predavatelj je zato po kon\u010dani delavnici pokazal \u0161e, kako se sadno drevje cepi s cepi\u010di. Dogodek je bil zelo pou\u010den, zato smo se strinjali, da bi podobno delavnico naslednje leto ponovno organizirali in tako osvojili \u0161e ve\u010d znanja.<\/p>\n\n\n\n<p>Drugi dogodek je potekal v nedeljo, 1. marca, od 10. ure dalje, ko smo izvedli rez \u0160tajerske brajde na naslovu Tovarni\u0161ka 1 v Polj\u010danah.<\/p>\n\n\n\n<p>Predsednik dru\u0161tva Jurij Gaber je pozdravil \u010dlane in botre trte ter besedo predal vini\u010darju dru\u0161tva Vinku Furmanu. Ta je predlagal, da vsak boter trte obre\u017ee svojo trto. V dru\u0161tvu imamo 33 botrov trte in ve\u010dina se je dogodka tudi udele\u017eila.<\/p>\n\n\n\n<p>Delo je potekalo v lepem, son\u010dnem vremenu. Med navzo\u010dimi je bil tudi boter iz Dolenjske, Miran Jurak, predsednik Zveze dolenjskih vinogradnikov.<\/p>\n\n\n\n<p>Kletarji so med delom postregli z lanskim pridelkom, po opravljenem delu pa smo se preselili v dru\u0161tvene prostore, kjer smo \u0161e nekaj pojedli, da je dobra kapljica \u0161e bolj stekla.<\/p>\n\n\n\n<figure class=\"wp-block-image size-large is-resized\"><img loading=\"lazy\" decoding=\"async\" width=\"576\" height=\"1024\" src=\"https:\/\/vinogradniki-poljcane.si\/wp-content\/uploads\/2026\/03\/20260301_105526-576x1024.jpg\" alt=\"\" class=\"wp-image-3677\" style=\"aspect-ratio:0.5624933241779202;width:485px;height:auto\" srcset=\"https:\/\/vinogradniki-poljcane.si\/wp-content\/uploads\/2026\/03\/20260301_105526-576x1024.jpg 576w, https:\/\/vinogradniki-poljcane.si\/wp-content\/uploads\/2026\/03\/20260301_105526-169x300.jpg 169w, https:\/\/vinogradniki-poljcane.si\/wp-content\/uploads\/2026\/03\/20260301_105526-768x1365.jpg 768w, https:\/\/vinogradniki-poljcane.si\/wp-content\/uploads\/2026\/03\/20260301_105526-864x1536.jpg 864w, https:\/\/vinogradniki-poljcane.si\/wp-content\/uploads\/2026\/03\/20260301_105526-1152x2048.jpg 1152w, https:\/\/vinogradniki-poljcane.si\/wp-content\/uploads\/2026\/03\/20260301_105526-scaled.jpg 1440w\" sizes=\"auto, (max-width: 576px) 100vw, 576px\" \/><\/figure>\n\n\n\n<figure class=\"wp-block-image size-large is-resized\"><img loading=\"lazy\" decoding=\"async\" width=\"1024\" height=\"768\" src=\"https:\/\/vinogradniki-poljcane.si\/wp-content\/uploads\/2026\/03\/1000017023-1-1024x768.jpg\" alt=\"\" class=\"wp-image-3705\" style=\"aspect-ratio:1.3333436984980875;width:319px;height:auto\" srcset=\"https:\/\/vinogradniki-poljcane.si\/wp-content\/uploads\/2026\/03\/1000017023-1-1024x768.jpg 1024w, https:\/\/vinogradniki-poljcane.si\/wp-content\/uploads\/2026\/03\/1000017023-1-300x225.jpg 300w, https:\/\/vinogradniki-poljcane.si\/wp-content\/uploads\/2026\/03\/1000017023-1-768x576.jpg 768w, https:\/\/vinogradniki-poljcane.si\/wp-content\/uploads\/2026\/03\/1000017023-1-1536x1152.jpg 1536w, https:\/\/vinogradniki-poljcane.si\/wp-content\/uploads\/2026\/03\/1000017023-1-2048x1536.jpg 2048w\" sizes=\"auto, (max-width: 1024px) 100vw, 1024px\" \/><\/figure>\n\n\n\n<figure class=\"wp-block-image size-large is-resized\"><img loading=\"lazy\" decoding=\"async\" width=\"768\" height=\"1024\" src=\"https:\/\/vinogradniki-poljcane.si\/wp-content\/uploads\/2026\/03\/1000017027-1-768x1024.jpg\" alt=\"\" class=\"wp-image-3706\" style=\"aspect-ratio:0.7499868819197874;width:322px;height:auto\" srcset=\"https:\/\/vinogradniki-poljcane.si\/wp-content\/uploads\/2026\/03\/1000017027-1-768x1024.jpg 768w, https:\/\/vinogradniki-poljcane.si\/wp-content\/uploads\/2026\/03\/1000017027-1-225x300.jpg 225w, https:\/\/vinogradniki-poljcane.si\/wp-content\/uploads\/2026\/03\/1000017027-1-1152x1536.jpg 1152w, https:\/\/vinogradniki-poljcane.si\/wp-content\/uploads\/2026\/03\/1000017027-1-1536x2048.jpg 1536w, https:\/\/vinogradniki-poljcane.si\/wp-content\/uploads\/2026\/03\/1000017027-1-scaled.jpg 1920w\" sizes=\"auto, (max-width: 768px) 100vw, 768px\" \/><\/figure>\n\n\n\n<figure class=\"wp-block-image size-large is-resized\"><img loading=\"lazy\" decoding=\"async\" width=\"576\" height=\"1024\" src=\"https:\/\/vinogradniki-poljcane.si\/wp-content\/uploads\/2026\/03\/20260301_102921-576x1024.jpg\" alt=\"\" class=\"wp-image-3666\" style=\"aspect-ratio:0.5624933241779202;width:324px;height:auto\" srcset=\"https:\/\/vinogradniki-poljcane.si\/wp-content\/uploads\/2026\/03\/20260301_102921-576x1024.jpg 576w, https:\/\/vinogradniki-poljcane.si\/wp-content\/uploads\/2026\/03\/20260301_102921-169x300.jpg 169w, https:\/\/vinogradniki-poljcane.si\/wp-content\/uploads\/2026\/03\/20260301_102921-768x1365.jpg 768w, https:\/\/vinogradniki-poljcane.si\/wp-content\/uploads\/2026\/03\/20260301_102921-864x1536.jpg 864w, https:\/\/vinogradniki-poljcane.si\/wp-content\/uploads\/2026\/03\/20260301_102921-1152x2048.jpg 1152w, https:\/\/vinogradniki-poljcane.si\/wp-content\/uploads\/2026\/03\/20260301_102921-scaled.jpg 1440w\" sizes=\"auto, (max-width: 576px) 100vw, 576px\" \/><\/figure>\n\n\n\n<figure class=\"wp-block-image size-large is-resized\"><img loading=\"lazy\" decoding=\"async\" width=\"1024\" height=\"513\" src=\"https:\/\/vinogradniki-poljcane.si\/wp-content\/uploads\/2026\/03\/20260301_103042-1024x513.jpg\" alt=\"\" class=\"wp-image-3669\" style=\"aspect-ratio:1.9961361202923513;width:327px;height:auto\" srcset=\"https:\/\/vinogradniki-poljcane.si\/wp-content\/uploads\/2026\/03\/20260301_103042-1024x513.jpg 1024w, https:\/\/vinogradniki-poljcane.si\/wp-content\/uploads\/2026\/03\/20260301_103042-300x150.jpg 300w, https:\/\/vinogradniki-poljcane.si\/wp-content\/uploads\/2026\/03\/20260301_103042-768x385.jpg 768w, https:\/\/vinogradniki-poljcane.si\/wp-content\/uploads\/2026\/03\/20260301_103042-1536x770.jpg 1536w, https:\/\/vinogradniki-poljcane.si\/wp-content\/uploads\/2026\/03\/20260301_103042-2048x1027.jpg 2048w\" sizes=\"auto, (max-width: 1024px) 100vw, 1024px\" \/><\/figure>\n\n\n\n<figure class=\"wp-block-image size-large is-resized\"><img loading=\"lazy\" decoding=\"async\" width=\"1024\" height=\"802\" src=\"https:\/\/vinogradniki-poljcane.si\/wp-content\/uploads\/2026\/03\/20260301_104919-1024x802.jpg\" alt=\"\" class=\"wp-image-3674\" style=\"aspect-ratio:1.2768067176845428;width:328px;height:auto\" srcset=\"https:\/\/vinogradniki-poljcane.si\/wp-content\/uploads\/2026\/03\/20260301_104919-1024x802.jpg 1024w, https:\/\/vinogradniki-poljcane.si\/wp-content\/uploads\/2026\/03\/20260301_104919-300x235.jpg 300w, https:\/\/vinogradniki-poljcane.si\/wp-content\/uploads\/2026\/03\/20260301_104919-768x602.jpg 768w, https:\/\/vinogradniki-poljcane.si\/wp-content\/uploads\/2026\/03\/20260301_104919-1536x1204.jpg 1536w, https:\/\/vinogradniki-poljcane.si\/wp-content\/uploads\/2026\/03\/20260301_104919-2048x1605.jpg 2048w\" sizes=\"auto, (max-width: 1024px) 100vw, 1024px\" \/><\/figure>\n\n\n\n<figure class=\"wp-block-image size-large is-resized\"><img loading=\"lazy\" decoding=\"async\" width=\"1024\" height=\"568\" src=\"https:\/\/vinogradniki-poljcane.si\/wp-content\/uploads\/2026\/03\/20260301_110044-1024x568.jpg\" alt=\"\" class=\"wp-image-3679\" style=\"aspect-ratio:1.802850655903128;width:332px;height:auto\" srcset=\"https:\/\/vinogradniki-poljcane.si\/wp-content\/uploads\/2026\/03\/20260301_110044-1024x568.jpg 1024w, https:\/\/vinogradniki-poljcane.si\/wp-content\/uploads\/2026\/03\/20260301_110044-300x166.jpg 300w, https:\/\/vinogradniki-poljcane.si\/wp-content\/uploads\/2026\/03\/20260301_110044-768x426.jpg 768w, https:\/\/vinogradniki-poljcane.si\/wp-content\/uploads\/2026\/03\/20260301_110044-1536x852.jpg 1536w, https:\/\/vinogradniki-poljcane.si\/wp-content\/uploads\/2026\/03\/20260301_110044-2048x1135.jpg 2048w\" sizes=\"auto, (max-width: 1024px) 100vw, 1024px\" \/><\/figure>\n\n\n\n<figure class=\"wp-block-image size-large is-resized\"><img loading=\"lazy\" decoding=\"async\" width=\"576\" height=\"1024\" src=\"https:\/\/vinogradniki-poljcane.si\/wp-content\/uploads\/2026\/03\/20260301_110131-576x1024.jpg\" alt=\"\" class=\"wp-image-3684\" style=\"aspect-ratio:0.5624933241779202;width:373px;height:auto\" srcset=\"https:\/\/vinogradniki-poljcane.si\/wp-content\/uploads\/2026\/03\/20260301_110131-576x1024.jpg 576w, https:\/\/vinogradniki-poljcane.si\/wp-content\/uploads\/2026\/03\/20260301_110131-169x300.jpg 169w, https:\/\/vinogradniki-poljcane.si\/wp-content\/uploads\/2026\/03\/20260301_110131-768x1365.jpg 768w, https:\/\/vinogradniki-poljcane.si\/wp-content\/uploads\/2026\/03\/20260301_110131-864x1536.jpg 864w, https:\/\/vinogradniki-poljcane.si\/wp-content\/uploads\/2026\/03\/20260301_110131-1152x2048.jpg 1152w, https:\/\/vinogradniki-poljcane.si\/wp-content\/uploads\/2026\/03\/20260301_110131-scaled.jpg 1440w\" sizes=\"auto, (max-width: 576px) 100vw, 576px\" \/><\/figure>\n\n\n\n<figure class=\"wp-block-image size-large is-resized\"><img loading=\"lazy\" decoding=\"async\" width=\"1024\" height=\"637\" src=\"https:\/\/vinogradniki-poljcane.si\/wp-content\/uploads\/2026\/03\/20260301_110622-1024x637.jpg\" alt=\"\" class=\"wp-image-3687\" style=\"aspect-ratio:1.6075806995838489;width:376px;height:auto\" srcset=\"https:\/\/vinogradniki-poljcane.si\/wp-content\/uploads\/2026\/03\/20260301_110622-1024x637.jpg 1024w, https:\/\/vinogradniki-poljcane.si\/wp-content\/uploads\/2026\/03\/20260301_110622-300x187.jpg 300w, https:\/\/vinogradniki-poljcane.si\/wp-content\/uploads\/2026\/03\/20260301_110622-768x478.jpg 768w, https:\/\/vinogradniki-poljcane.si\/wp-content\/uploads\/2026\/03\/20260301_110622-1536x955.jpg 1536w, https:\/\/vinogradniki-poljcane.si\/wp-content\/uploads\/2026\/03\/20260301_110622-2048x1274.jpg 2048w\" sizes=\"auto, (max-width: 1024px) 100vw, 1024px\" \/><\/figure>\n\n\n\n<p><\/p>\n\n\n\n<p><strong>32. ZBOR \u010cLANOV VSD POLJ\u010cANE<\/strong><\/p>\n\n\n\n<p>Leto je minilo in znova smo se zbrali na 32. ob\u010dnem zboru Vinogradni\u0161ko-sadjarskega dru\u0161tva Polj\u010dane, da ocenimo na\u0161e delo v preteklem letu ter si zastavimo nove cilje in na\u010drte za prihodnost.<br>Predsednik dru\u0161tva je prebral dnevni red in ga dal na glasovanje. \u010clani so izvolili delovnega predsednika Danila Levarta ter dva \u010dlana delovnega predsedstva. Novoizvoljeni predsednik zbora je nato vodil ob\u010dni zbor naprej.<br>Podana so bila vsa poro\u010dila o delu dru\u0161tva, zatem pa je bil razre\u0161en dosedanji upravni odbor. Sledila je volitev novega vodstva dru\u0161tva za mandatno dobo \u0161tirih let. Izvoljeni so bili novi \u010dlani izvr\u0161ilnega odbora dru\u0161tva, ki bodo na svoji prvi seji izmed sebe izvolili predsednika, podpredsednika, tajnika in blagajnika.<br>Predsednik je predstavil tudi plan dela za leto 2026 ter ga finan\u010dno ovrednotil.<br>Naslednja to\u010dka dnevnega reda je bila podelitev priznanja. Prejel ga je Drago Rojs, ki je \u017ee od leta 2001 na\u0161 kletar in je prevzel odgovornost za vodenje dru\u0161tvene kleti. S svojo strokovnostjo in predanostjo je uspe\u0161no vodil, koordiniral ter skrbel za u\u010dinkovito delovanje dru\u0161tvene kleti.<br>S tem priznanjem se mu iskreno zahvaljujemo za njegovo nesebi\u010dno, odgovorno in vzorno delo glavnega kletarja v dru\u0161tvu.<br>Priznanje mu je izro\u010dil predsednik dru\u0161tva Jurij Gaber. Prejemnik je bil nagrajen z velikim aplavzom, s \u010dimer so \u010dlani in gostje pokazali, da je priznanje pri\u0161lo v prave roke.<br>Besedo so nato dobili gostje, ki so pohvalili delovanje dru\u0161tva. Kletarji so ob zaklju\u010dku ponudili na\u0161e vino Polj\u010dan\u010dan in veselo smo nazdravili. \u010clan dru\u0161tva Zvonko nam je ob prilo\u017enosti prihajajo\u010dega Pre\u0161ernovega praznika deklamiral Zdravico.<br>Za konec so nam \u010dlanice Dru\u0161tva kmetic Polj\u010dane postregle z okusno ve\u010derjo, za kar se jim je predsednik dru\u0161tva iskreno zahvalil.<\/p>\n","protected":false},"excerpt":{"rendered":"<p>OCENJEVANJE VIN 2026 Vinogradni\u0161ko dru\u0161tvo Polj\u010dane \u2013 izobra\u017eevanji za \u010dlane in ne\u010dlane. Vinogradni\u0161ko dru\u0161tvo Polj\u010dane je v preteklem tednu organiziralo kar dve izobra\u017eevanji. To je \u010das, ko narava \u0161e miruje, vinogradniki pa imamo nekoliko ve\u010d \u010dasa za izobra\u017eevanje in izmenjavo &hellip; <a href=\"https:\/\/vinogradniki-poljcane.si\/?page_id=3697\">Beri naprej <span class=\"meta-nav\">&rarr;<\/span><\/a><\/p>\n","protected":false},"author":2,"featured_media":0,"parent":0,"menu_order":0,"comment_status":"closed","ping_status":"closed","template":"","meta":{"footnotes":""},"class_list":["post-3697","page","type-page","status-publish","hentry"],"_links":{"self":[{"href":"https:\/\/vinogradniki-poljcane.si\/index.php?rest_route=\/wp\/v2\/pages\/3697","targetHints":{"allow":["GET"]}}],"collection":[{"href":"https:\/\/vinogradniki-poljcane.si\/index.php?rest_route=\/wp\/v2\/pages"}],"about":[{"href":"https:\/\/vinogradniki-poljcane.si\/index.php?rest_route=\/wp\/v2\/types\/page"}],"author":[{"embeddable":true,"href":"https:\/\/vinogradniki-poljcane.si\/index.php?rest_route=\/wp\/v2\/users\/2"}],"replies":[{"embeddable":true,"href":"https:\/\/vinogradniki-poljcane.si\/index.php?rest_route=%2Fwp%2Fv2%2Fcomments&post=3697"}],"version-history":[{"count":12,"href":"https:\/\/vinogradniki-poljcane.si\/index.php?rest_route=\/wp\/v2\/pages\/3697\/revisions"}],"predecessor-version":[{"id":3800,"href":"https:\/\/vinogradniki-poljcane.si\/index.php?rest_route=\/wp\/v2\/pages\/3697\/revisions\/3800"}],"wp:attachment":[{"href":"https:\/\/vinogradniki-poljcane.si\/index.php?rest_route=%2Fwp%2Fv2%2Fmedia&parent=3697"}],"curies":[{"name":"wp","href":"https:\/\/api.w.org\/{rel}","templated":true}]}}