{"id":2971,"date":"2023-02-22T18:55:18","date_gmt":"2023-02-22T17:55:18","guid":{"rendered":"https:\/\/vinogradniki-poljcane.si\/?page_id=2971"},"modified":"2026-03-27T13:55:39","modified_gmt":"2026-03-27T12:55:39","slug":"varstvo-trte","status":"publish","type":"page","link":"https:\/\/vinogradniki-poljcane.si\/?page_id=2971","title":{"rendered":"VARSTVO TRTE"},"content":{"rendered":"\n<p><a href=\"https:\/\/www.ivr.si\/app\/uploads\/2023\/02\/Temeljna-nacela-SPLETzgibanka.pdf\">TEMELJNA NA\u010cELA &#8211; varstvo rastlin &#8211; FFS (pdf:prenos)<\/a><\/p>\n\n\n\n<div data-wp-interactive=\"core\/file\" class=\"wp-block-file\"><object data-wp-bind--hidden=\"!state.hasPdfPreview\" hidden class=\"wp-block-file__embed\" data=\"https:\/\/vinogradniki-poljcane.si\/wp-content\/uploads\/2026\/03\/SKROPILNI-PROGRAM-2025.pdf\" type=\"application\/pdf\" style=\"width:100%;height:600px\" aria-label=\"Vdelava \u0160KROPILNI PROGRAM 2025\"><\/object><a id=\"wp-block-file--media-c7778755-2063-4863-9c1f-2ecce33b8e39\" href=\"https:\/\/vinogradniki-poljcane.si\/wp-content\/uploads\/2026\/03\/SKROPILNI-PROGRAM-2025.pdf\">\u0160KROPILNI PROGRAM 2025<\/a><a href=\"https:\/\/vinogradniki-poljcane.si\/wp-content\/uploads\/2026\/03\/SKROPILNI-PROGRAM-2025.pdf\" class=\"wp-block-file__button wp-element-button\" download aria-describedby=\"wp-block-file--media-c7778755-2063-4863-9c1f-2ecce33b8e39\">Prenos<\/a><\/div>\n\n\n\n<p><\/p>\n\n\n\n<p><\/p>\n\n\n\n<p>SPREMLJANJE DOZOREVANJE GROZDJA<\/p>\n\n\n\n<figure class=\"wp-block-table\"><table class=\"has-fixed-layout\"><tbody><tr><td><strong>18. avgust 2025<\/strong>&#8211;<br>&nbsp;<a href=\"https:\/\/kmetijski-zavod.us7.list-manage.com\/track\/click?u=6c49e0dda840c60bcfa898d0d&amp;id=3705386126&amp;e=74cd1115a5\" target=\"_blank\" rel=\"noreferrer noopener\">Vinorodni podokoli\u0161 Maribor<\/a>&#8211;&nbsp;<a href=\"https:\/\/kmetijski-zavod.us7.list-manage.com\/track\/click?u=6c49e0dda840c60bcfa898d0d&amp;id=2587ba36e5&amp;e=74cd1115a5\" target=\"_blank\" rel=\"noreferrer noopener\">Vinorodni podokoli\u0161 Radgona-Kapela<\/a>&#8211;&nbsp;<a href=\"https:\/\/kmetijski-zavod.us7.list-manage.com\/track\/click?u=6c49e0dda840c60bcfa898d0d&amp;id=31d4fe7acc&amp;e=74cd1115a5\" target=\"_blank\" rel=\"noreferrer noopener\">Vinorodni podokoli\u0161 Ljutomer-Ormo\u017e<\/a>&#8211;&nbsp;<a href=\"https:\/\/kmetijski-zavod.us7.list-manage.com\/track\/click?u=6c49e0dda840c60bcfa898d0d&amp;id=85ed1c0b01&amp;e=74cd1115a5\" target=\"_blank\" rel=\"noreferrer noopener\">Vinorodni podokoli\u0161 Haloze<\/a>&#8211;&nbsp;<a href=\"https:\/\/kmetijski-zavod.us7.list-manage.com\/track\/click?u=6c49e0dda840c60bcfa898d0d&amp;id=a258330d4e&amp;e=74cd1115a5\" target=\"_blank\" rel=\"noreferrer noopener\">Vinorodni podokoli\u0161 Srednje Slovenske gorice<\/a>&#8211;&nbsp;<a href=\"https:\/\/kmetijski-zavod.us7.list-manage.com\/track\/click?u=6c49e0dda840c60bcfa898d0d&amp;id=5c822547c2&amp;e=74cd1115a5\" target=\"_blank\" rel=\"noreferrer noopener\">Vinorodni okoli\u0161 Prekmurje<\/a>&#8211;&nbsp;<a href=\"https:\/\/kmetijski-zavod.us7.list-manage.com\/track\/click?u=6c49e0dda840c60bcfa898d0d&amp;id=26a1223073&amp;e=74cd1115a5\" target=\"_blank\" rel=\"noreferrer noopener\">\u0160marsko Vir\u0161tanjski vinorodni podokoli\u0161<\/a>&nbsp;<a href=\"https:\/\/kmetijski-zavod.us7.list-manage.com\/track\/click?u=6c49e0dda840c60bcfa898d0d&amp;id=e2cb790b55&amp;e=74cd1115a5\" target=\"_blank\" rel=\"noreferrer noopener\">Dozorevanje grozdja letnika 2025&nbsp;komentar<\/a>&nbsp;(18. 8. 2025)<a href=\"https:\/\/kmetijski-zavod.us7.list-manage.com\/track\/click?u=6c49e0dda840c60bcfa898d0d&amp;id=25e2590168&amp;e=74cd1115a5\" target=\"_blank\" rel=\"noreferrer noopener\">Spremljanje dozorevanja grozdja &#8211; rezultati po sortah&nbsp;<\/a>(18. 8. 2025)<\/td><\/tr><\/tbody><\/table><\/figure>\n\n\n\n<p><\/p>\n\n\n\n<p><\/p>\n\n\n\n<h2 class=\"wp-block-heading\">10.05.2025: Obvestilo o varstvu vinske trte &#8211; <a href=\"https:\/\/agromet.mkgp.gov.si\/APP2\/Prognostika\/Obvestilo?obvestiloId=14813\">PRENOS <\/a><\/h2>\n\n\n\n<p><\/p>\n\n\n\n<p>OBVESTILO O DRUGEM (2.) ZATIRANJU AMERI\u0160KEGA \u0160KR\u017dATKA<br><a href=\"https:\/\/www.kmetijski-zavod.si\/sl-si\/obvestila\/novosti-in-nasveti\/objava\/id\/1283\/obvestilo-o-drugem-zatiranju-amerikega-kratka\">https:\/\/www.kmetijski-zavod.si\/sl-si\/obvestila\/novosti-in-nasveti\/objava\/id\/1283\/obvestilo-o-drugem-zatiranju-amerikega-kratka<\/a><\/p>\n\n\n\n<p>OBVESTILO O (1.) ZATIRANJU AMERI\u0160KEGA \u0160KR\u017dATKA<br><a href=\"https:\/\/agromet.mkgp.gov.si\/APP2\/Prognostika\/Obvestilo?obvestiloId=14378\">https:\/\/agromet.mkgp.gov.si\/APP2\/Prognostika\/Obvestilo?obvestiloId=14378<\/a><\/p>\n\n\n\n<p>Obvestilo o varstvu vinogradov (peronospora, oidij,&nbsp;neurje in to\u010da). Dostopno je na povezavi:&nbsp;<br><strong><a href=\"https:\/\/agromet.mkgp.gov.si\/APP2\/Prognostika\/Obvestilo?obvestiloId=14346\" target=\"_blank\" rel=\"noreferrer noopener\">https:\/\/agromet.mkgp.gov.si\/APP2\/Prognostika\/Obvestilo?obvestiloId=14346<\/a><\/strong><\/p>\n\n\n\n<p>POVEZAVE NA ZUNANJE VSEBINE <\/p>\n\n\n\n<div data-wp-interactive=\"core\/file\" class=\"wp-block-file\"><object data-wp-bind--hidden=\"!state.hasPdfPreview\" hidden class=\"wp-block-file__embed\" data=\"https:\/\/vinogradniki-poljcane.si\/wp-content\/uploads\/2024\/06\/vinogradnistvo-6-2024.pdf\" type=\"application\/pdf\" style=\"width:100%;height:320px\" aria-label=\"Vdelava vinogradnistvo-6-2024\"><\/object><a id=\"wp-block-file--media-25bd5761-99e4-4e08-ae65-b043ccb8ae62\" href=\"https:\/\/vinogradniki-poljcane.si\/wp-content\/uploads\/2024\/06\/vinogradnistvo-6-2024.pdf\">vinogradnistvo-6-2024<\/a><a href=\"https:\/\/vinogradniki-poljcane.si\/wp-content\/uploads\/2024\/06\/vinogradnistvo-6-2024.pdf\" class=\"wp-block-file__button wp-element-button\" download aria-describedby=\"wp-block-file--media-25bd5761-99e4-4e08-ae65-b043ccb8ae62\">Prenos<\/a><\/div>\n\n\n\n<p>POVEZAVE NA ZUNANJE VSEBINE <\/p>\n\n\n\n<div data-wp-interactive=\"core\/file\" class=\"wp-block-file\"><object data-wp-bind--hidden=\"!state.hasPdfPreview\" hidden class=\"wp-block-file__embed\" data=\"https:\/\/vinogradniki-poljcane.si\/wp-content\/uploads\/2024\/04\/vinogradnistvo-sukaci-2024.pdf\" type=\"application\/pdf\" style=\"width:100%;height:600px\" aria-label=\"Vdelava &lt;kbd&gt;VINOGRADNI\u0160TVO-SUKA\u010cI2024&lt;\/kbd&gt;\"><\/object><a id=\"wp-block-file--media-d122366d-651d-42a5-a940-00be8e6a2a25\" href=\"https:\/\/vinogradniki-poljcane.si\/wp-content\/uploads\/2024\/04\/vinogradnistvo-sukaci-2024.pdf\" target=\"_blank\" rel=\"noreferrer noopener\"><kbd>VINOGRADNI\u0160TVO-SUKA\u010cI2024<\/kbd><\/a><a href=\"https:\/\/vinogradniki-poljcane.si\/wp-content\/uploads\/2024\/04\/vinogradnistvo-sukaci-2024.pdf\" class=\"wp-block-file__button wp-element-button\" download aria-describedby=\"wp-block-file--media-d122366d-651d-42a5-a940-00be8e6a2a25\">PRENOS<\/a><\/div>\n\n\n\n<div data-wp-interactive=\"core\/file\" class=\"wp-block-file\"><object data-wp-bind--hidden=\"!state.hasPdfPreview\" hidden class=\"wp-block-file__embed\" data=\"https:\/\/vinogradniki-poljcane.si\/wp-content\/uploads\/2024\/04\/vinogradnistvo-2-2024.pdf\" type=\"application\/pdf\" style=\"width:100%;height:350px\" aria-label=\"Vdelava &lt;strong&gt;OBVESTILO O VARSTVU TRTE: 2-2024&lt;\/strong&gt;\"><\/object><a id=\"wp-block-file--media-4466402b-e2af-4b3f-83c4-aa5b275c15d2\" href=\"https:\/\/vinogradniki-poljcane.si\/wp-content\/uploads\/2024\/04\/vinogradnistvo-2-2024.pdf\" target=\"_blank\" rel=\"noreferrer noopener\"><strong>OBVESTILO O VARSTVU TRTE: 2-2024<\/strong><\/a><a href=\"https:\/\/vinogradniki-poljcane.si\/wp-content\/uploads\/2024\/04\/vinogradnistvo-2-2024.pdf\" class=\"wp-block-file__button wp-element-button\" download aria-describedby=\"wp-block-file--media-4466402b-e2af-4b3f-83c4-aa5b275c15d2\">PRENOS<\/a><\/div>\n\n\n<div class=\"wp-block-image\">\n<figure class=\"alignright size-full is-resized\"><img loading=\"lazy\" decoding=\"async\" width=\"180\" height=\"116\" src=\"https:\/\/vinogradniki-poljcane.si\/wp-content\/uploads\/2023\/02\/image.png\" alt=\"\" class=\"wp-image-2980\" style=\"width:143px;height:92px\"\/><\/figure>\n<\/div>\n\n\n<div data-wp-interactive=\"core\/file\" class=\"wp-block-file\"><object data-wp-bind--hidden=\"!state.hasPdfPreview\" hidden class=\"wp-block-file__embed\" data=\"https:\/\/vinogradniki-poljcane.si\/wp-content\/uploads\/2023\/07\/OBVESTILO-O-ZATIRANJU-AMERISKEGA-SKRZATKA.pdf\" type=\"application\/pdf\" style=\"width:100%;height:410px\" aria-label=\"Vdelava OBVESTILO-O-ZATIRANJU-AMERISKEGA-SKRZATKA\"><\/object><a id=\"wp-block-file--media-83062497-a5c1-4dae-a5f4-0048fcbe7e28\" href=\"https:\/\/vinogradniki-poljcane.si\/wp-content\/uploads\/2023\/07\/OBVESTILO-O-ZATIRANJU-AMERISKEGA-SKRZATKA.pdf\">OBVESTILO-O-ZATIRANJU-AMERISKEGA-SKRZATKA<\/a><a href=\"https:\/\/vinogradniki-poljcane.si\/wp-content\/uploads\/2023\/07\/OBVESTILO-O-ZATIRANJU-AMERISKEGA-SKRZATKA.pdf\" class=\"wp-block-file__button wp-element-button\" download aria-describedby=\"wp-block-file--media-83062497-a5c1-4dae-a5f4-0048fcbe7e28\">Prenos<\/a><\/div>\n\n\n\n<div data-wp-interactive=\"core\/file\" class=\"wp-block-file\"><object data-wp-bind--hidden=\"!state.hasPdfPreview\" hidden class=\"wp-block-file__embed\" data=\"https:\/\/vinogradniki-poljcane.si\/wp-content\/uploads\/2023\/07\/vinogradnistvo-varstvo_trte.pdf\" type=\"application\/pdf\" style=\"width:100%;height:310px\" aria-label=\"Vdelava vinogradnistvo-varstvo_trte\"><\/object><a id=\"wp-block-file--media-9d1ce80e-e940-4e87-b5c7-a904d001b9c7\" href=\"https:\/\/vinogradniki-poljcane.si\/wp-content\/uploads\/2023\/07\/vinogradnistvo-varstvo_trte.pdf\">vinogradnistvo-varstvo_trte<\/a><a href=\"https:\/\/vinogradniki-poljcane.si\/wp-content\/uploads\/2023\/07\/vinogradnistvo-varstvo_trte.pdf\" class=\"wp-block-file__button wp-element-button\" download aria-describedby=\"wp-block-file--media-9d1ce80e-e940-4e87-b5c7-a904d001b9c7\">Prenos<\/a><\/div>\n\n\n\n<div data-wp-interactive=\"core\/file\" class=\"wp-block-file\"><object data-wp-bind--hidden=\"!state.hasPdfPreview\" hidden class=\"wp-block-file__embed\" data=\"https:\/\/vinogradniki-poljcane.si\/wp-content\/uploads\/2023\/05\/vinogradnistvo-5-2023.pdf\" type=\"application\/pdf\" style=\"width:100%;height:230px\" aria-label=\"Vdelava &lt;strong&gt;Varstvo trte-5-2023&lt;\/strong&gt;\"><\/object><a id=\"wp-block-file--media-95923b74-7c4c-4f9d-b5a7-d82f86bef517\" href=\"https:\/\/vinogradniki-poljcane.si\/wp-content\/uploads\/2023\/05\/vinogradnistvo-5-2023.pdf\" target=\"_blank\" rel=\"noreferrer noopener\"><strong>Varstvo trte-5-2023<\/strong><\/a><a href=\"https:\/\/vinogradniki-poljcane.si\/wp-content\/uploads\/2023\/05\/vinogradnistvo-5-2023.pdf\" class=\"wp-block-file__button wp-element-button\" download aria-describedby=\"wp-block-file--media-95923b74-7c4c-4f9d-b5a7-d82f86bef517\">Prenos<\/a><\/div>\n\n\n\n<p><a href=\"https:\/\/www.kmetijski-zavod.si\/sl-si\/obvestila\/novosti-in-nasveti\/objava\/id\/844\/odstranjevanje-trt-v-zimskem-asu-za-prepreevanje-irjenja-zlate-trsne-rumenice\" target=\"_blank\" rel=\"noreferrer noopener\">Zlata trsna rumenica<\/a> <\/p>\n\n\n\n\n\n<ul class=\"wp-block-list\">\n<li><\/li>\n<\/ul>\n\n\n\n<p><\/p>\n","protected":false},"excerpt":{"rendered":"<p>TEMELJNA NA\u010cELA &#8211; varstvo rastlin &#8211; FFS (pdf:prenos) SPREMLJANJE DOZOREVANJE GROZDJA 18. avgust 2025&#8211;&nbsp;Vinorodni podokoli\u0161 Maribor&#8211;&nbsp;Vinorodni podokoli\u0161 Radgona-Kapela&#8211;&nbsp;Vinorodni podokoli\u0161 Ljutomer-Ormo\u017e&#8211;&nbsp;Vinorodni podokoli\u0161 Haloze&#8211;&nbsp;Vinorodni podokoli\u0161 Srednje Slovenske gorice&#8211;&nbsp;Vinorodni okoli\u0161 Prekmurje&#8211;&nbsp;\u0160marsko Vir\u0161tanjski vinorodni podokoli\u0161&nbsp;Dozorevanje grozdja letnika 2025&nbsp;komentar&nbsp;(18. 8. 2025)Spremljanje dozorevanja grozdja &#8211; rezultati &hellip; <a href=\"https:\/\/vinogradniki-poljcane.si\/?page_id=2971\">Beri naprej <span class=\"meta-nav\">&rarr;<\/span><\/a><\/p>\n","protected":false},"author":2,"featured_media":0,"parent":0,"menu_order":0,"comment_status":"closed","ping_status":"closed","template":"","meta":{"footnotes":""},"class_list":["post-2971","page","type-page","status-publish","hentry"],"_links":{"self":[{"href":"https:\/\/vinogradniki-poljcane.si\/index.php?rest_route=\/wp\/v2\/pages\/2971","targetHints":{"allow":["GET"]}}],"collection":[{"href":"https:\/\/vinogradniki-poljcane.si\/index.php?rest_route=\/wp\/v2\/pages"}],"about":[{"href":"https:\/\/vinogradniki-poljcane.si\/index.php?rest_route=\/wp\/v2\/types\/page"}],"author":[{"embeddable":true,"href":"https:\/\/vinogradniki-poljcane.si\/index.php?rest_route=\/wp\/v2\/users\/2"}],"replies":[{"embeddable":true,"href":"https:\/\/vinogradniki-poljcane.si\/index.php?rest_route=%2Fwp%2Fv2%2Fcomments&post=2971"}],"version-history":[{"count":36,"href":"https:\/\/vinogradniki-poljcane.si\/index.php?rest_route=\/wp\/v2\/pages\/2971\/revisions"}],"predecessor-version":[{"id":3802,"href":"https:\/\/vinogradniki-poljcane.si\/index.php?rest_route=\/wp\/v2\/pages\/2971\/revisions\/3802"}],"wp:attachment":[{"href":"https:\/\/vinogradniki-poljcane.si\/index.php?rest_route=%2Fwp%2Fv2%2Fmedia&parent=2971"}],"curies":[{"name":"wp","href":"https:\/\/api.w.org\/{rel}","templated":true}]}}