{"id":1183,"date":"2018-03-01T08:23:45","date_gmt":"2018-03-01T07:23:45","guid":{"rendered":"http:\/\/vinogradniki-poljcane.si\/?page_id=1183"},"modified":"2025-07-16T15:53:46","modified_gmt":"2025-07-16T14:53:46","slug":"zanimivosti","status":"publish","type":"page","link":"https:\/\/vinogradniki-poljcane.si\/?page_id=1183","title":{"rendered":"ZANIMIVOSTI"},"content":{"rendered":"\n<h3 class=\"wp-block-heading\">Tukaj so zbrane povezave do zunanjih vsebin, kjer si lahko preberete marsikaj koristnega na temo vinogradni\u0161tva, pridelave in predelave grozdja ter kletarjenja<strong>. (Povezave na zunanje vsebine<\/strong>)<\/h3>\n\n\n\n<ul class=\"wp-block-list\">\n<li><a href=\"https:\/\/vinogradniki-poljcane.si\/wp-content\/uploads\/2024\/04\/Ocenjevanje-Poljcane-2024_Vse-ocene.pdf\" target=\"_blank\" rel=\"noreferrer noopener\">OCENJEVANJE VIN 2024<\/a><\/li>\n\n\n\n<li><a href=\"https:\/\/www.zdvd.si\/\" target=\"_blank\" rel=\"noreferrer noopener\">Zveze dru\u0161tev vinogradnikov Dolenjske (ZDVD<\/a>)<\/li>\n\n\n\n<li><a rel=\"noreferrer noopener\" href=\"https:\/\/vinogradniki-poljcane.si\/wp-content\/uploads\/2023\/03\/Tehnoloska-navodila-za-integrirano-pridelavo-grozdja.pdf\" data-type=\"URL\" data-id=\"https:\/\/vinogradniki-poljcane.si\/wp-content\/uploads\/2023\/03\/Tehnoloska-navodila-za-integrirano-pridelavo-grozdja.pdf\" target=\"_blank\">Tehnolo\u0161ka navodila za integrirano pridelavo grozdja<\/a><\/li>\n\n\n\n<li><a rel=\"noreferrer noopener\" href=\"https:\/\/zelenisvet.com\/odporne-stare-sorte-grozdje-trta\/?fbclid=IwAR0ZqdYtghqIah1d7bFn3DATUWEAWVNUQ78gilCZSJoj-svkge-phAAf6Js\" data-type=\"URL\" data-id=\"https:\/\/zelenisvet.com\/odporne-stare-sorte-grozdje-trta\/?fbclid=IwAR0ZqdYtghqIah1d7bFn3DATUWEAWVNUQ78gilCZSJoj-svkge-phAAf6Js\" target=\"_blank\">Odporne sorte grozdja brez \u0161kropljenja<\/a><\/li>\n\n\n\n<li><a href=\"https:\/\/www.kmetijski-zavod.si\/Portals\/0\/Podrocja\/Vinogradnistvo\/etiketa-osebna-izkaznica-vina.pdf?ver=2020-12-16-154211-993\" target=\"_blank\" rel=\"noreferrer noopener\">ETIKETA &#8211; Osebna izkaznica vina<\/a><\/li>\n\n\n\n<li><a href=\"https:\/\/www.gov.si\/teme\/vinogradnistvo-in-vinarstvo\/\" target=\"_blank\" rel=\"noreferrer noopener\">Vinogradni\u0161tvo in vinarstvo (Vir:https:\/\/www.gov.si\/)<\/a><\/li>\n\n\n\n<li><a href=\"https:\/\/revija-vino.si\/vino-pri-starih-rimljanih\/\" target=\"_blank\" rel=\"noreferrer noopener\">Vino pri starih Rimljanih (Vir: https:\/\/revija-vino.si\/)<\/a><\/li>\n\n\n\n<li><a href=\"https:\/\/revija.ognjisce.si\/kratki-odgovori\/9022-vinska-trta-v-svetem-pismu\" target=\"_blank\" rel=\"noreferrer noopener\">Vinska trta v Svetem pismu (Vir: mese\u010dnik Ognji\u0161\u010de)<\/a><\/li>\n\n\n\n<li><a href=\"https:\/\/www.google.com\/url?sa=t&amp;rct=j&amp;q=&amp;esrc=s&amp;source=web&amp;cd=&amp;ved=2ahUKEwip_Y7Kr-zpAhVx_SoKHeeRBlQ4FBAWMAl6BAgIEAE&amp;url=https%3A%2F%2Fkronika.zzds.si%2Fkronika%2Farticle%2Fdownload%2F504%2F743%2F&amp;usg=AOvVaw02jgt-bTdHvUbIJ4wNrwXL\">Po sledeh zapisov o preteklosti trte, grozdja in vina &#8230; (Vir: https:\/\/kronika.zzds.si)<\/a><\/li>\n\n\n\n<li><a href=\"https:\/\/sc-s.si\/projekti\/rezvinsketrte.pdf\">Zimska rez vinske trte (Vir: http:\/\/www.kmetijski zavod.si)<\/a><\/li>\n\n\n\n<li><a href=\"https:\/\/www.facebook.com\/watch\/?v=565973047637188\">Pletev vinske trte (Vir: http:\/\/www.kmetijski zavod.si)<\/a><\/li>\n\n\n\n<li><a href=\"http:\/\/www.kz-ptuj.si\/pomembni-mikroelementi-za-rast-vinske-trte\/\">Pomembni mikroelementi za rast vinske trte (Vir: Kmetijska zadruga Ptuj)<\/a><\/li>\n\n\n\n<li><a href=\"https:\/\/www.google.com\/url?sa=t&amp;rct=j&amp;q=&amp;esrc=s&amp;source=web&amp;cd=&amp;cad=rja&amp;uact=8&amp;ved=2ahUKEwip_Y7Kr-zpAhVx_SoKHeeRBlQ4FBAWMAN6BAgEEAE&amp;url=http%3A%2F%2Fwww.kgz-ptuj.si%2FPortals%2F0%2Fdopisi%2520linki%2FKON%25C4%258CNA%2520VERZIJA%2520za%2520pdf-1.pdf%3Fver%3D2020-04-02-134550-847&amp;usg=AOvVaw2SKxyjWJltVFs9fxp4pZt8\">Razli\u010dni na\u010dini pridelave grozdja  (Vir: KGZ Ptuj)<\/a><\/li>\n\n\n\n<li><a href=\"https:\/\/vinogradniki-poljcane.si\/wp-content\/uploads\/2020\/02\/DELOVANJE-IN-VPLIV-RAZLI\u010cNIH-BENTONITOV.pdf\">Delovanje in vpliv razli\u010dnih Bentonitov<\/a><\/li>\n\n\n\n<li><a href=\"https:\/\/vinogradniki-poljcane.si\/wp-content\/uploads\/2018\/03\/Ali-veste.....pdf\">Ali veste?: + opis refraktometer(pdf)<\/a><\/li>\n<\/ul>\n\n\n<div class=\"wp-block-image\">\n<figure class=\"aligncenter is-resized\"><img decoding=\"async\" src=\"https:\/\/images.fineartamerica.com\/images-medium-large-5\/hdr-style-wine-glasses-bottle-cask-and-grapes-elaine-plesser.jpg\" alt=\"HDR style Wine Glasses Bottle Cask and Grapes Painting by Elaine ...\" style=\"width:365px;height:260px\"\/><\/figure>\n<\/div>\n\n\n<h2 class=\"wp-block-heading\"><\/h2>\n","protected":false},"excerpt":{"rendered":"<p>Tukaj so zbrane povezave do zunanjih vsebin, kjer si lahko preberete marsikaj koristnega na temo vinogradni\u0161tva, pridelave in predelave grozdja ter kletarjenja. (Povezave na zunanje vsebine)<\/p>\n","protected":false},"author":2,"featured_media":0,"parent":0,"menu_order":0,"comment_status":"closed","ping_status":"closed","template":"","meta":{"footnotes":""},"class_list":["post-1183","page","type-page","status-publish","hentry"],"_links":{"self":[{"href":"https:\/\/vinogradniki-poljcane.si\/index.php?rest_route=\/wp\/v2\/pages\/1183","targetHints":{"allow":["GET"]}}],"collection":[{"href":"https:\/\/vinogradniki-poljcane.si\/index.php?rest_route=\/wp\/v2\/pages"}],"about":[{"href":"https:\/\/vinogradniki-poljcane.si\/index.php?rest_route=\/wp\/v2\/types\/page"}],"author":[{"embeddable":true,"href":"https:\/\/vinogradniki-poljcane.si\/index.php?rest_route=\/wp\/v2\/users\/2"}],"replies":[{"embeddable":true,"href":"https:\/\/vinogradniki-poljcane.si\/index.php?rest_route=%2Fwp%2Fv2%2Fcomments&post=1183"}],"version-history":[{"count":47,"href":"https:\/\/vinogradniki-poljcane.si\/index.php?rest_route=\/wp\/v2\/pages\/1183\/revisions"}],"predecessor-version":[{"id":3593,"href":"https:\/\/vinogradniki-poljcane.si\/index.php?rest_route=\/wp\/v2\/pages\/1183\/revisions\/3593"}],"wp:attachment":[{"href":"https:\/\/vinogradniki-poljcane.si\/index.php?rest_route=%2Fwp%2Fv2%2Fmedia&parent=1183"}],"curies":[{"name":"wp","href":"https:\/\/api.w.org\/{rel}","templated":true}]}}