{"id":1155,"date":"2018-02-21T17:24:12","date_gmt":"2018-02-21T16:24:12","guid":{"rendered":"http:\/\/vinogradniki-poljcane.si\/?page_id=1155"},"modified":"2026-02-12T11:19:07","modified_gmt":"2026-02-12T10:19:07","slug":"plan-dela","status":"publish","type":"page","link":"https:\/\/vinogradniki-poljcane.si\/?page_id=1155","title":{"rendered":"DELOVANJE DRU\u0160TVA"},"content":{"rendered":"<h4><a href=\"https:\/\/vinogradniki-poljcane.si\/wp-content\/uploads\/2018\/04\/VINOGRADNI\u0160KO-SADJARSKO-DRU\u0160TVO-POLJ\u010cANE-SE-PREDSTAVI.pdf\"><span style=\"color: #008000;\">VINOGRADNI\u0160KO SADJARSKO DRU\u0160TVO POLJ\u010cANE SE PREDSTAVI (pdf)<\/span><\/a><\/h4>\n<p><span style=\"color: #008000;\"><a style=\"color: #008000;\" href=\"https:\/\/vinogradniki-poljcane.si\/wp-content\/uploads\/2026\/02\/PLAN-DELA-2026.pdf\">PLAN DELA ZA LETO 2026 (pdf)<\/a><br \/>\n<a style=\"color: #008000;\" href=\"https:\/\/vinogradniki-poljcane.si\/wp-content\/uploads\/2025\/02\/PLAN-DELA-2025.pdf\">PLAN DELA ZA LETO 2025 (pdf)<\/a><br \/>\n<\/span><span style=\"color: #008000;\"><a style=\"color: #008000;\" href=\"https:\/\/vinogradniki-poljcane.si\/wp-content\/uploads\/2024\/02\/PLAN-DELA-2024.pdf\">PLAN DELA ZA LETO 2024 (pdf)<\/a><\/span><br \/>\n<span style=\"color: #008000;\"><a style=\"color: #008000;\" href=\"https:\/\/vinogradniki-poljcane.si\/wp-content\/uploads\/2023\/02\/PLAN-DELA-2023.pdf\">PLAN DELA ZA LETO 2023 (pdf)<\/a><\/span><br \/>\n<span style=\"color: #008000;\"><a style=\"color: #008000;\" href=\"https:\/\/vinogradniki-poljcane.si\/wp-content\/uploads\/2022\/02\/PLAN-DELA-2022.pdf\">PLAN DELA ZA LETO 2022 (pdf)<\/a><\/span><br \/>\n<span style=\"color: #008000;\"><a style=\"color: #008000;\" href=\"https:\/\/vinogradniki-poljcane.si\/wp-content\/uploads\/2021\/04\/PLAN-DELA-2021.pdf\">PLAN DELA ZA LETO 2021 (pdf)<\/a><\/span><br \/>\n<span style=\"color: #008000;\"><a style=\"color: #008000;\" href=\"https:\/\/vinogradniki-poljcane.si\/wp-content\/uploads\/2020\/05\/PLAN-DELA-2020.pdf\">PLAN DELA ZA LETO 2020 (pdf)<\/a><\/span><br \/>\n<span style=\"color: #008000;\"><a style=\"color: #008000;\" href=\"https:\/\/vinogradniki-poljcane.si\/wp-content\/uploads\/2020\/05\/PLAN-DELA-2019.pdf\">PLAN DELA ZA LETO 2019 (pdf)<\/a><br \/>\n<\/span><a style=\"color: #008000;\" href=\"https:\/\/vinogradniki-poljcane.si\/wp-content\/uploads\/2018\/02\/PLAN-DELA-ZA-LETO-2018.pdf\">PLAN DELA ZA LETO 2018 (pdf)<\/a><br \/>\n<span style=\"color: #008000;\"><a style=\"color: #008000;\" href=\"https:\/\/vinogradniki-poljcane.si\/wp-content\/uploads\/2018\/04\/DELOVANJE-DRU\u0160TVA-V-LETU-2017.pdf\">DELOVANJE DRU\u0160TVA V LETU 2017 (pdf)<\/a><\/span><\/p>\n","protected":false},"excerpt":{"rendered":"<p>VINOGRADNI\u0160KO SADJARSKO DRU\u0160TVO POLJ\u010cANE SE PREDSTAVI (pdf) PLAN DELA ZA LETO 2026 (pdf) PLAN DELA ZA LETO 2025 (pdf) PLAN DELA ZA LETO 2024 (pdf) PLAN DELA ZA LETO 2023 (pdf) PLAN DELA ZA LETO 2022 (pdf) PLAN DELA ZA &hellip; <a href=\"https:\/\/vinogradniki-poljcane.si\/?page_id=1155\">Beri naprej <span class=\"meta-nav\">&rarr;<\/span><\/a><\/p>\n","protected":false},"author":2,"featured_media":0,"parent":0,"menu_order":0,"comment_status":"closed","ping_status":"closed","template":"","meta":{"footnotes":""},"class_list":["post-1155","page","type-page","status-publish","hentry"],"_links":{"self":[{"href":"https:\/\/vinogradniki-poljcane.si\/index.php?rest_route=\/wp\/v2\/pages\/1155","targetHints":{"allow":["GET"]}}],"collection":[{"href":"https:\/\/vinogradniki-poljcane.si\/index.php?rest_route=\/wp\/v2\/pages"}],"about":[{"href":"https:\/\/vinogradniki-poljcane.si\/index.php?rest_route=\/wp\/v2\/types\/page"}],"author":[{"embeddable":true,"href":"https:\/\/vinogradniki-poljcane.si\/index.php?rest_route=\/wp\/v2\/users\/2"}],"replies":[{"embeddable":true,"href":"https:\/\/vinogradniki-poljcane.si\/index.php?rest_route=%2Fwp%2Fv2%2Fcomments&post=1155"}],"version-history":[{"count":19,"href":"https:\/\/vinogradniki-poljcane.si\/index.php?rest_route=\/wp\/v2\/pages\/1155\/revisions"}],"predecessor-version":[{"id":3650,"href":"https:\/\/vinogradniki-poljcane.si\/index.php?rest_route=\/wp\/v2\/pages\/1155\/revisions\/3650"}],"wp:attachment":[{"href":"https:\/\/vinogradniki-poljcane.si\/index.php?rest_route=%2Fwp%2Fv2%2Fmedia&parent=1155"}],"curies":[{"name":"wp","href":"https:\/\/api.w.org\/{rel}","templated":true}]}}